{"id":12,"date":"2018-02-26T18:32:56","date_gmt":"2018-02-26T17:32:56","guid":{"rendered":"http:\/\/services-consult.com\/?page_id=12"},"modified":"2022-12-20T17:04:22","modified_gmt":"2022-12-20T16:04:22","slug":"one-page-express","status":"publish","type":"page","link":"https:\/\/services-consult.com\/","title":{"rendered":"Front Page"},"content":{"rendered":"<div  id=\"overlapable-3\" class=\"features-image-cards-section stripped-features-image-cards-section\" style=\"background-color: #ffffff;\" data-label=\"Overlapable\" data-id=\"stripped-features-image-cards-section\" data-category=\"overlapable\" data-=\"\" data-overlap=\"true\">\n<div  class=\"gridContainer\">\n<div  class=\"features-image-cards-innerrow flexbox-list\" data-type=\"row\">\n<div  class=\"features-image-cards-cardcol cp4cols cp6cols-tablet\">\n<div  class=\"features-image-cards-cardrow\"><img  decoding=\"async\" class=\"features-image-cards-featimg\" src=\"http:\/\/services-consult.com\/wp-content\/uploads\/2018\/02\/SERVICES-CONSULT-TEXTE.png\">\n<div  class=\"features-image-cards-cardtextrow\" data-type=\"column\">\n<h4  class=\"\">L\u2019Adaptation Absolue !<\/h4>\n\n<hr  class=\"features-image-cards-separator\">\n\n\n\n<div  class=\"spacer\" data-type=\"group\"><span  class=\"fa before\"><\/span><i  class=\"fa fa-map-signs\"><\/i><span  class=\"fa after\"><\/span><\/div><p  class=\"\">Management de transition\n<br >Contact@services-consult.com<\/p><p  class=\"\"><a  href=\"https:\/\/www.partageos.com\" class=\"\">PARTAGEOS, L\u2019Art pour progresser, valoriser, diffuser, s\u2019\u00e9manciper.<\/a><\/p><img  decoding=\"async\" class=\"custom-image\" src=\"http:\/\/services-consult.com\/wp-content\/uploads\/2022\/12\/image006.png\" alt=\"\"><a class=\"\" href=\"http:\/\/commosphere.com\/index.php\/2018\/08\/21\/approche-quantique-gp\" target=\"_blank\" rel=\"noopener\">Acc\u00e8s M\u00e9thode QPA<\/a><a href=\"#\" class=\"\" target=\"_self\" rel=\"noopener\"><\/a><\/div>\n<strong  data-preview-empty=\"1\"><\/strong>\n\n<\/div>\n<\/div>\n<\/div>\n<\/div>\n<\/div><div  id=\"overlapable-2\" class=\"features-coloured-icon-boxes-section\" style=\"background-color: #ffffff;\" data-label=\"Overlapable\" data-id=\"stripped-coloured-icon-boxes\" data-category=\"overlapable\" data-overlap=\"true\">\n<div  class=\"gridContainer\">\n<div  class=\"features-coloured-icon-boxes-innerrow flexbox-list dark-text\" data-type=\"row\">\n<div  class=\"features-coloured-icon-boxes-featurecol cp3cols\">\n<div  class=\"features-coloured-icon-boxes-iconcontainer\" data-content-item-container=\"true\"><\/div>\n\n<h4  class=\"\">TDC, Tableau de bord, \u2026<\/h4>\n<p  class=\"\">Conception sur mesure de tableaux de bord financiers, TDC, KPI,&nbsp; Cartographie, rapports, Appels d\u2019Offres, \u2026<\/p>\n<a class=\"\" href=\"#tdc\" target=\"_self\" rel=\"noopener\">En savoir plus<\/a>\n\n<a href=\"#\" class=\"\" target=\"_self\" rel=\"noopener\"><\/a><\/div>\n<div  class=\"features-coloured-icon-boxes-featurecol cp3cols\">\n<div  class=\"features-coloured-icon-boxes-iconcontainer\" data-content-item-container=\"true\"><\/div>\n\n<h4  class=\"\">Aide aux TPE,<\/h4>\nCompta, Logo, Sites, \u2026\n<p  class=\"\">TPE, concentrez vous sur votre id\u00e9e, nous nous occupons du reste.<\/p>\nSous traintance sp\u00e9cifique.\n\n<a class=\"\" href=\"#creationste\" target=\"_self\" rel=\"noopener\">En savoir plus<\/a>\n\n<\/div>\n<div  class=\"features-coloured-icon-boxes-featurecol cp3cols\">\n<div  class=\"features-coloured-icon-boxes-iconcontainer\" data-content-item-container=\"true\"><\/div>\n<h4  class=\"\">Consulting,<\/h4>\nDSI, CDO, CTO, CDP, \u2026\n<p  class=\"\">Missions courtes ou longues dur\u00e9es<\/p>\nAudit Transformation des Organisation, Gestion de Projets Digitaux.\n\n<a class=\"\" href=\"#methode\" target=\"_self\" rel=\"noopener\">En savoir + M\u00e9thodes Projet<\/a>\n\n<\/div>\n<div  class=\"features-coloured-icon-boxes-featurecol cp3cols\">\n<div  class=\"features-coloured-icon-boxes-iconcontainer\" data-content-item-container=\"true\"><\/div>\n<h4  class=\"\">Cr\u00e9ation sonore,<\/h4>\nIng\u00e9. son, Perchman, \u2026\n<p  class=\"\">Perchiste, Prise de son,<\/p>\nR\u00e9gie son, Montage son,\n\nCr\u00e9ation d\u2019Identit\u00e9 Sonore, \u2026\n\n<a class=\"\" href=\"#son\" target=\"_self\" rel=\"noopener\">En savoir +<\/a>\n\n<\/div>\n<\/div>\n<\/div>\n<\/div><div  id=\"contact-4\" class=\"contact-section-formsection white-text\" style=\"background-image: url('http:\/\/services-consult.com\/wp-content\/plugins\/one-page-express-companion\/theme-data\/one-page-express\/sections\/images\/Travel_through_New_York_wallpaper-1920x1200.jpg'); background-size: auto 940px; background-repeat: no-repeat; background-position: center top 18.6618%;\" data-label=\"Contact\" data-id=\"contact-section\" data-category=\"contact\" data-bg=\"transparent\">\n<div  class=\"gridContainer\">\n<div  class=\"row_224\">\n<div  class=\"contact-textrow\">\n<div  class=\"contact-textcol dynamic-color\">\n<h2  class=\"\">Services-Consult.com<\/h2>\n<p  class=\"white_text\">Contribuons ensemble au monde de demain<\/p>\n\n<\/div>\n<\/div>\n<\/div>\n<\/div>\n<\/div><div  id=\"creationste\" class=\"stripped-about-four-boxes-section\" style=\"background-color: #ffffff;\" data-label=\"Creationste\" data-id=\"stripped-about-four-boxes-section\" data-category=\"overlapable\" data-overlap=\"true\">\n<div  class=\"gridContainer\">\n<div  class=\"about-four-boxes-innerrow flexbox-list\">\n<div  class=\"about-four-boxes-imgcol\" data-bg=\"image\"><\/div>\n<div  class=\"about-four-boxes-textcol\" data-type=\"column\">\n<h6  class=\"\">Affichez vos Qualit\u00e9s !<\/h6>\n<h2  class=\"\">Sous traitance WEB<\/h2>\n<p  class=\"\">Bienvenue chez le sous-traitant web de r\u00e9f\u00e9rence wordpress, prestashop, joomla et Drupal. Services-Consult, professionnel dans le domaine et pr\u00e9sent sur le march\u00e9 international francophone, sous-traite tout projet de cr\u00e9ation de sites web , de prestations graphiques, de d\u00e9veloppement web (HTML, PHP\u2026), r\u00e9f\u00e9rencement naturel (optimisation et netlinking) et r\u00e9daction blog ou SEO.<\/p>\n<span  style=\"color: revert; font-size: revert; font-weight: revert;\" class=\"\">Partez Serein !<\/span>\n\n<\/div>\n<div  class=\"about-four-boxes-textcol\" data-type=\"column\">\n<h2  class=\"\">Cr\u00e9ateurs d\u2019entreprise<\/h2>\n<p  class=\"\">Services-Consult vous conseille et accompagne dans la cr\u00e9ation de votre TPE (0 \u00e0 19 salari\u00e9s) dans le pilotage de l\u2019entreprise au travers d\u2019une formule simple et peu couteuse.<\/p>\nMise \u00e0 disposition des logiciels et services qui vous permettront d\u2019offrir un service de qualit\u00e9 \u00e0 vos clients tout en assurant votre exploitation en temps r\u00e9el. Nous accompagnerons vos prises de d\u00e9cisions au fur et \u00e0 mesure de l\u2019\u00e9volution de l\u2019entreprise.\n\nNon seulement nous vous accompagnons dans la gestion mais nous vous proposons tous les services de base qu\u2019une TPE pourrait souhaiter.\n\nL\u2019ensemble toujours dans un exprit de sous-traitance absolue\n\nAlors \u00e9tonnez vos clients !\n\n<a class=\"\" href=\"http:\/\/services-consult.com\/contact@services-consult.com\" target=\"_blank\" rel=\"noopener\">Contactez-nous<\/a>\n\n<img  decoding=\"async\" class=\"custom-image\" src=\"http:\/\/services-consult.com\/wp-content\/uploads\/2022\/12\/Diapositive3.jpg\" alt=\"\"><\/div>\n<\/div>\n<\/div>\n<\/div><div  id=\"methode\" class=\"features-small-icon-cards-section\" style=\"background-color: #f6f6f6;\" data-label=\"Methode\" data-id=\"features-small-icon-cards-section\" data-category=\"features\">\n<div  class=\"gridContainer\">\n<div  class=\"features-small-icon-cards-textrow\">\n<div  class=\"features-small-icon-cards-textcol dynamic-color\" data-type=\"column\">\n<p  class=\"\">Services-Consult s\u2019engage et vous accompagne dans les transformations de votre m\u00e9tier. Forts de notre mobilit\u00e9 g\u00e9ographique et de notre sp\u00e9cialisation en M\u00e9thodes de Projet, nous vous accompagnons dans la mise en \u0153uvre de vos projets li\u00e9s \u00e0 votre core business.Services-Consult s\u2019engage et vous accompagne dans les transformations de votre m\u00e9tier. Forts de notre mobilit\u00e9 g\u00e9ographique et de notre sp\u00e9cialisation en M\u00e9thodes de Projet, nous vous accompagnons dans la mise en \u0153uvre de vos projets li\u00e9s \u00e0 votre core business.<\/p>\nLes m\u00e9thodologies de management de projet vous aide \u00e0 accomplir chaque \u00e9tape de votre projet, de la planification \u00e0 la mise en \u0153uvre, dans un souci d\u2019efficacit\u00e9 et rentabilit\u00e9.\nServices-Consult vous aide \u00e0 choisir une m\u00e9thodologie pour conduire un projet et permettre \u00e0 tous les acteurs de travailler efficacement ensemble, en suivant des r\u00e8gles clairement d\u00e9finies.\n\n<\/div>\n<\/div>\n<div  class=\"features-small-icon-cards-featuresrow dark-text\" data-type=\"row\">\n<div  class=\"features-small-icon-cards-featcol\">\n<div  class=\"features-small-icon-cards-featinnerrow\">\n<div  class=\"features-small-icon-cards-feattextcol\" data-type=\"column\">\n<h4  class=\"\">Les m\u00e9thodes traditionnelles<\/h4>\n<p  class=\"\">Les m\u00e9thodes classiques sont les m\u00e9thodes les plus utilis\u00e9es en gestion de projet. Ces m\u00e9thodes sont aussi appel\u00e9es \u00ab en cascade \u00bb car chaque \u00e9tape doit \u00eatre termin\u00e9e pour passer \u00e0 la suivante.\nL\u2019\u00e9quipe projet suit le cahier des charges et travaille sur la totalit\u00e9 du projet jusqu\u2019\u00e0 sa livraison. Il n\u2019y a pas d\u2019interaction avec le client qui recevra son projet une fois termin\u00e9.<\/p>\n\n<\/div>\n<\/div>\n<\/div>\n<div  class=\"features-small-icon-cards-featcol\">\n<div  class=\"features-small-icon-cards-featinnerrow\">\n<div  class=\"features-small-icon-cards-feattextcol\" data-type=\"column\">\n<h4  class=\"\">La m\u00e9thode Agile<\/h4>\n<p  class=\"\">Consid\u00e9r\u00e9es parfois plus efficaces et moins rigides que les m\u00e9thodes classiques, les m\u00e9thodes Agile placent les besoins du client au centre des priorit\u00e9s du projet.<\/p>\nElles offrent une plus grande flexibilit\u00e9 et une meilleure visibilit\u00e9 dans la gestion du projet, ce qui permet \u00e0 l\u2019\u00e9quipe d\u2019\u00eatre plus r\u00e9active aux attentes du client et \u00e0 celui-ci de recevoir r\u00e9guli\u00e8rement ses mises \u00e0 jour.\nScrum, Kanban, Lean\u2026 nous saurons vous conseiller.\n\n<\/div>\n<\/div>\n<\/div>\n<div  class=\"features-small-icon-cards-featcol\">\n<div  class=\"features-small-icon-cards-featinnerrow\">\n<div  class=\"features-small-icon-cards-iconcol\"><strong ><span  style=\"color: revert; font-size: revert;\">La m\u00e9thode Adaptative<\/span><\/strong><\/div>\n<div  class=\"features-small-icon-cards-feattextcol\" data-type=\"column\">\n<p  class=\"\">De nombreux projets \u00e9voluent au fur et \u00e0 mesure qu\u2019ils progressent et ont des exigences qui ne sont pas clairement d\u00e9finies. Il est donc difficile de les g\u00e9rer avec une m\u00e9thode traditionnelle.<\/p>\nLa m\u00e9thode adaptative est con\u00e7ue pour s\u2019adapter continuellement aux changements de situation d\u2019un projet.\n\n<\/div>\n<\/div>\n<\/div>\n<div  class=\"features-small-icon-cards-featcol\">\n<div  class=\"features-small-icon-cards-featinnerrow\">\n<div  class=\"features-small-icon-cards-feattextcol\" data-type=\"column\">\n<h4  class=\"\">La m\u00e9thode du chemin critique<\/h4>\n<p  class=\"\">Cette m\u00e9thode vous permet de d\u00e9terminer la dur\u00e9e totale de votre projet.<\/p>\nLe chemin critique correspond \u00e0 l\u2019ensemble des t\u00e2ches qui doivent \u00eatre accomplies pour que votre projet soit termin\u00e9 \u00e0 la date voulue. Indispensables \u00e0 la r\u00e9ussite du projet, ces t\u00e2ches ne doivent subir aucun retard, sinon l\u2019int\u00e9gralit\u00e9 du projet sera retard\u00e9e.\n\n<\/div>\n<\/div>\n<\/div>\n<div  class=\"features-small-icon-cards-featcol\">\n<div  class=\"features-small-icon-cards-featinnerrow\">\n<div  class=\"features-small-icon-cards-iconcol\"><strong ><span  style=\"color: revert; font-size: revert;\">La m\u00e9thode PERT<\/span><\/strong><\/div>\n<div  class=\"features-small-icon-cards-feattextcol\" data-type=\"column\">\n<p  class=\"\">La m\u00e9thode PERT consiste \u00e0 organiser un ensemble de t\u00e2ches sous forme de r\u00e9seau. Gr\u00e2ce \u00e0 leur d\u00e9pendance et \u00e0 leur chronologie, ces t\u00e2ches contribuent \u00e0 la r\u00e9ussite du projet.\nPour planifier votre projet, vous devez lister toutes les t\u00e2ches n\u00e9cessaires \u00e0 sa r\u00e9alisation, les ordonner et \u00e9tablir leur d\u00e9pendance (par exemple, la t\u00e2che B doit \u00eatre termin\u00e9e pour que la t\u00e2che C puisse commencer).<\/p>\n\n<\/div>\n<\/div>\n<\/div>\n<div  class=\"features-small-icon-cards-featcol\">\n<div  class=\"features-small-icon-cards-featinnerrow\">\n<div  class=\"features-small-icon-cards-feattextcol\" data-type=\"column\">\n<h4  class=\"\">La m\u00e9thode QPA<\/h4>\n<p  class=\"\">QPA \u2013 Quantum Project Approach permet de profiter de l\u2019ensemble des m\u00e9thodes d\u00e9crites dans le cadre d\u2019un projet de transformation. L\u2019ensemble du projet est ainsi orient\u00e9 sur la probabilit\u00e9 d\u2019un changement (Societal, Economique, Culturel, Politique, \u2026) de l\u2019environnement externe afin d\u2019assurer son adaptation imm\u00e9diate.<\/p>\n\n<h4  class=\"\">Pour Conclure<\/h4>\n<p  class=\"\">Il existe de nombreuses autres m\u00e9thodes de management de projet. Chaque\nm\u00e9thode poss\u00e8de ses avantages et il n\u2019y en a pas une meilleure que\nl\u2019autre.<\/p>\nServices-Consult vous aide \u00e0 trouver celle qui conviendra le mieux \u00e0 votre projet et \u00e0 sa mise en oeuvre.\nLa marque Cr\u00e9apol nous permet de former \u00e0 la m\u00e9thode QPM\nL\u2019ing\u00e9nierie et la gestion de M\u00e9thodes projet au service de votre Transformation Digitale\n\n<img  decoding=\"async\" class=\"custom-image\" src=\"http:\/\/services-consult.com\/wp-content\/uploads\/2018\/02\/Creapol-couleur.jpg\">\n\n<\/div>\n<\/div>\n<\/div>\n<\/div>\n<\/div>\n<\/div><div  id=\"tdc\" class=\"about-images-right-section\" style=\"background-color: #ffffff;\" data-label=\"TDC\" data-id=\"about-images-right-section\" data-category=\"about\">\n<div  class=\"gridContainer dynamic-color\">\n<div  class=\"about-images-right-innerrow dynamic-color\">\n<div  class=\"about-images-right-textcol\" data-type=\"column\">\n<h5  class=\"\">L\u00e0 o\u00f9 vous h\u00e9sitez nous saurons vous aider !<\/h5>\n<h2  class=\"about-images-right-bigtitle\">Vous avez un travail \u00e0 remettre pour hier ?<\/h2>\n<p  class=\"\">Nous cr\u00e9ons ou am\u00e9liorons pour vous vos tableaux crois\u00e9s\nou tableaux de bord.<\/p>\nNous vous assistons sur tous vos travaux de bureau, que ce soit la saisie de rapports, l\u2019\u00e9tude de performance, l\u2019agr\u00e9gation de donn\u00e9es h\u00e9t\u00e9rog\u00e8nes, la cr\u00e9ation d\u2019indicateurs cl\u00e9s, \u2026\n\nEt toujours dans un esprit sous-traitant !\n\nQue ce soit vos clients ou vos coll\u00e8gues nous saurons toujours rester discrets.\n\nAllons-y ! contact@services-consult.com\n\n<\/div>\n<div  class=\"about-images-right-imgcol\"><img  decoding=\"async\" class=\"about-images-right-topimg\" src=\"http:\/\/services-consult.com\/wp-content\/uploads\/2018\/02\/commosphere-univers.jpg\"><img  decoding=\"async\" class=\"about-images-right-rightimg\" src=\"http:\/\/services-consult.com\/wp-content\/uploads\/2018\/02\/SERVICES-CONSULT-TEXTE.png\"><img  decoding=\"async\" class=\"about-images-right-leftimg\" src=\"http:\/\/services-consult.com\/wp-content\/uploads\/2018\/08\/TDC.jpg\"><\/div>\n<\/div>\n<\/div>\n<\/div><div  id=\"son\" class=\"content-full-right-image-section\" style=\"background-color: #f6f6f6;\" data-label=\"Son\" data-id=\"content-full-right-image-section\" data-category=\"content\">\n<div  class=\"content-full-right-image-innerrow\">\n<div  class=\"content-full-right-image-textcol dynamic-color\">\n<div  class=\"\" data-type=\"column\">\n<h5  class=\"\">Branding-sonore<\/h5>\n<h2  class=\"\">A l\u2019instar de votre charte graphique, votre identit\u00e9 sonore sera un attribut essentiel de votre marque.<\/h2>\n<strong  class=\"\"><span  style=\"color: revert; font-size: revert;\">Un visuel sonore !<\/span><\/strong>\n\n<\/div>\n<div  class=\"content-full-right-image-featuresrow\">\n<div  class=\"content-full-right-image-featurescol\" data-type=\"column\">\n<p  class=\"\">La musique est un vecteur \u00e9motionnel puissant qui renforce radicalement la reconnaissance et la pr\u00e9f\u00e9rence de marque en se d\u00e9clinant sur tous vos supports de communication.<\/p>\n\n<h5  class=\"\">Marketing sonore, radio d\u2019enseigne.<\/h5>\n<p  class=\"\">Nous prenons en charge la r\u00e9alisation de vos messages, rubriques th\u00e9matiques, ou logos sonores de la conception \u00e0 l\u2019enregistrement. Nous mettons \u00e0 votre disposition un casting de voix f\u00e9minines ou masculines.<\/p>\n<strong  class=\"\"><span  style=\"color: revert; font-size: revert;\">Musiques Originales !<\/span><\/strong>\n\n<\/div>\n<div  class=\"content-full-right-image-featurescol\" data-type=\"column\">\n<p  class=\"\">Un contenu original m\u00e9rite une musique sur-mesure. Une collection, un\n\u00e9v\u00e9nement, un nouveau territoire de marque\u2026 Nos studios vous proposent\nde cr\u00e9er la bande originale de tous vos projets, les plus simples comme\nles plus fous, pour tous les budgets.<\/p>\n\n<h5  class=\"\">En sous traitance\u2026<\/h5>\n<p  class=\"\">Service sp\u00e9cial pour les agences Web, nous vous accompagnons sur le branding sonore li\u00e9 \u00e0 vos cr\u00e9ations.<\/p>\n<a class=\"\" href=\"http:\/\/services-consult.com\/contact@services-consult.com\" target=\"_blank\" rel=\"noopener\">N\u2019h\u00e9sitez plus !<\/a>\n\n<img  decoding=\"async\" class=\"custom-image\" src=\"http:\/\/services-consult.com\/wp-content\/uploads\/2018\/02\/cropped-commosphere-univers-1.jpg\" alt=\"\"><\/div>\n<\/div>\n<\/div>\n<\/div>\n<\/div>","protected":false},"excerpt":{"rendered":"<p>L\u2019Adaptation Absolue ! Management de transition Contact@services-consult.comPARTAGEOS, L\u2019Art pour progresser, valoriser, diffuser, s\u2019\u00e9manciper.Acc\u00e8s M\u00e9thode QPA TDC, Tableau de bord, \u2026 Conception sur mesure de tableaux de bord financiers, TDC, KPI,&nbsp; Cartographie, rapports, Appels d\u2019Offres, \u2026 En savoir plus Aide aux TPE, Compta, Logo, Sites, \u2026 TPE, concentrez vous sur votre id\u00e9e, nous nous occupons du&hellip; <br \/> <a class=\"button small blue\" href=\"https:\/\/services-consult.com\/\">Lire la suite<\/a><\/p>\n","protected":false},"author":1,"featured_media":0,"parent":0,"menu_order":0,"comment_status":"closed","ping_status":"closed","template":"","meta":{"footnotes":""},"class_list":["post-12","page","type-page","status-publish","hentry"],"_links":{"self":[{"href":"https:\/\/services-consult.com\/index.php?rest_route=\/wp\/v2\/pages\/12","targetHints":{"allow":["GET"]}}],"collection":[{"href":"https:\/\/services-consult.com\/index.php?rest_route=\/wp\/v2\/pages"}],"about":[{"href":"https:\/\/services-consult.com\/index.php?rest_route=\/wp\/v2\/types\/page"}],"author":[{"embeddable":true,"href":"https:\/\/services-consult.com\/index.php?rest_route=\/wp\/v2\/users\/1"}],"replies":[{"embeddable":true,"href":"https:\/\/services-consult.com\/index.php?rest_route=%2Fwp%2Fv2%2Fcomments&post=12"}],"version-history":[{"count":90,"href":"https:\/\/services-consult.com\/index.php?rest_route=\/wp\/v2\/pages\/12\/revisions"}],"predecessor-version":[{"id":262,"href":"https:\/\/services-consult.com\/index.php?rest_route=\/wp\/v2\/pages\/12\/revisions\/262"}],"wp:attachment":[{"href":"https:\/\/services-consult.com\/index.php?rest_route=%2Fwp%2Fv2%2Fmedia&parent=12"}],"curies":[{"name":"wp","href":"https:\/\/api.w.org\/{rel}","templated":true}]}}